{"id":34,"date":"2005-11-19T19:25:06","date_gmt":"2005-11-19T17:25:06","guid":{"rendered":"http:\/\/www.spd-rosellen.de\/?page_id=34"},"modified":"2025-11-21T18:03:14","modified_gmt":"2025-11-21T17:03:14","slug":"links-in-rosellen-und-allerheiligen","status":"publish","type":"page","link":"https:\/\/www.spd-rosellen.de\/?page_id=34","title":{"rendered":"Links in Rosellen und Allerheiligen"},"content":{"rendered":"<p>Auf dieser Seite sollen andere Seiten in Rosellen und Allerheiligen vorgestellt werden:<\/p>\n<ul>\n\t<!--\n\n<li><a href=\"http:\/\/www.neuss-rosellen.de\" target=\"extern\" rel=\"noopener noreferrer\">www.neuss-rosellen.de. Die erste originale Webseite f\u00fcr Neuss-Rosellen und Umgebung<\/a>\n\t<\/li>\n\n\n\n<li><a href=\"http:\/\/www.rosellerheide.de\/\" target=\"extern\" rel=\"noopener noreferrer\">Treffpunkt Rosellerheide. Werbegemeinschaft Rosellerheide<\/a><\/li>\n\n--><\/p>\n<li><a href=\"http:\/\/www.heimatverein-rosellen.de\" target=\"extern\" rel=\"noopener noreferrer\">Rosellener Heimatverein, ehemals Reiterverein von 1881<\/a><\/li>\n<li><a href=\"http:\/\/www.sv-rosellen.com\/\" target=\"extern\" rel=\"noopener noreferrer\">SV Rosellen<\/a><\/li>\n<li><a href=\"http:\/\/www.elvekum.de\/\" target=\"extern\" rel=\"noopener noreferrer\">Die Ortsseite von Elvekum<\/a><\/li>\n<li><a href=\"http:\/\/www.heide-bote.de\/\" target=\"extern\" rel=\"noopener noreferrer\">Der Heide-Bote. Die Ortzeitung des Neusser S\u00fcdens<\/a><\/li>\n<p>\t<!--\n\n<li><a href=\"http:\/\/gastst\u00e4tte-von-zons.de\/\" target=\"extern\" rel=\"noopener noreferrer\">Gastst\u00e4tte von Zons in Elvekum<\/a>-->\n\t<\/li>\n<li><a href=\"http:\/\/www.restaurant-meteora-neuss.de\/\" target=\"extern\" rel=\"noopener noreferrer\">Restaurant Meteora in Rosellerheide<\/a><\/li>\n<li><a href=\"http:\/\/reitstall-hilgershof.com\/reiterst%C3%BCbchen\/\" target=\"extern\" rel=\"noopener noreferrer\">Reiterst\u00fcbchen in Rosellen<\/a><\/li>\n<li><a href=\"https:\/\/www.katholisch-neuss-sued.de\/\" target=\"extern\" rel=\"noopener noreferrer\">Kath. Kirche in Neuss-S\u00fcd<\/a><\/li>\n<li><a href=\"https:\/\/evangelisch-in-neuss.de\/kirchengemeinde-am-norfbach\/\" target=\"extern\" rel=\"noopener noreferrer\">Ev. Kirchengemeinde am Norfbach<\/a><\/li>\n<li><a href=\"http:\/\/www.schuetzenbruderschaft-allerheiligen.de\/\" target=\"extern\" rel=\"noopener noreferrer\">Sch\u00fctzenbruderschaft St. Peter Allerheiligen<\/a><\/li>\n<li><a href=\"http:\/\/www.pitterunpaul.de\/\" target=\"extern\" rel=\"noopener noreferrer\">Sch\u00fctzenbruderschaft St. Peter und Paul Rosellerheide-Neuenbaum<\/a><\/li>\n<p>\t<!--\n\n<li><a href=\"http:\/\/www.tk-rosellerheide.de\/\" target=\"extern\" rel=\"noopener noreferrer\">Tambourkorps Rosellerheide<\/a>-->\n\t<\/li>\n<li><a href=\"http:\/\/www.neuss-elvekum.homepage.t-online.de\/einigkeit.html\" target=\"extern\" rel=\"noopener noreferrer\">Verein Einigkeit Elvekum<\/a><\/li>\n<li><a href=\"http:\/\/www.schlicherum.de\/\" target=\"extern\" rel=\"noopener noreferrer\">Kameradschaftliche Vereinigung Schlicherum<\/a><\/li>\n<li><a href=\"http:\/\/www.st-peter-rosellen.de\/\" target=\"extern\" rel=\"noopener noreferrer\">St. Peter Grundschule Rosellen<\/a><\/li>\n<li><a href=\"http:\/\/ggs-allerheiligen.de\/\" target=\"extern\" rel=\"noopener noreferrer\">Grundschule Allerheiligen<\/a><\/li>\n<li><a href=\"http:\/\/www.waldkindergarten-rosellerheide.de\/\" target=\"extern\" rel=\"noopener noreferrer\">Waldkindergarten Frischlinge Rosellerheide<\/a><\/li>\n<li><a href=\"http:\/\/lebenshilfe-neuss.de\/kita-abenteuerland\/\" target=\"extern\" rel=\"noopener noreferrer\">Kindertagest\u00e4tte Abenteuerland der Lebenshilfe Allerheiligen<\/a><\/li>\n<li><a href=\"https:\/\/www.drk-neuss.de\/angebote\/familienzentrum-neuss-allerheiligen.html\" target=\"extern\" rel=\"noopener noreferrer\">DRK Familienzentrum Wurzelzwerge Allerheiligen<\/a><\/li>\n<li><a href=\"https:\/\/www.drk-neuss.de\/angebote\/kita-neuss-schlicherum.html\" target=\"extern\" rel=\"noopener noreferrer\">DRK Kindertagesst\u00e4tte Schlicherum<\/a><\/li>\n<li><a href=\"https:\/\/www.drk-neuss.de\/angebote\/kita-neuss-rosellen.html\" target=\"extern\" rel=\"noopener noreferrer\">DRK Kindertagesst\u00e4tte Am M\u00fchlenbusch Rosellen<\/a><\/li>\n<li><a href=\"https:\/\/www.diakonie-rkn.de\/neuss-rosellerheide-kita-foehrenstrasse\/\" target=\"extern\" rel=\"noopener noreferrer\">Ev. Kindertagesst\u00e4tte Rosellerheide<\/a><\/li>\n<li><a href=\"https:\/\/www.diakonie-rkn.de\/evangelische-kindertageseinrichtung-allerheiligen\/\" target=\"extern\" rel=\"noopener noreferrer\">Ev. Kindertagesst\u00e4tte Allerheiligen<\/a><\/li>\n<li><a href=\"http:\/\/287991.webhosting55.1blu.de\/index.php?id=22\" target=\"extern\" rel=\"noopener noreferrer\">AWO Kindertagesst\u00e4tte Zauberh\u00fcgel Allerheiligen<\/a><\/li>\n<li><a href=\"http:\/\/287991.webhosting55.1blu.de\/index.php?id=20\" target=\"extern\" rel=\"noopener noreferrer\">AWO Kindertagesst\u00e4tte Holbeinstra\u00dfe Allerheiligen<\/a>\n\t<\/li>\n<li><a href=\"https:\/\/www.katholische-kindergaerten.de\/kitas\/8-st-peter\" target=\"extern\" rel=\"noopener noreferrer\">Kath. Kindertagesst\u00e4tte St. Peter Rosellen<\/a><\/li>\n<li><a href=\"http:\/\/www.kolping-rosellen.de\/\" target=\"extern\" rel=\"noopener noreferrer\">Kolping Familie Rosellen<\/a><\/li>\n<li><a href=\"http:\/\/www.cdu-neuss.de\/rosellen\/\" target=\"extern\" rel=\"noopener noreferrer\">CDU Ortsverband Rosellen<\/a><\/li>\n<li><a href=\"http:\/\/www.boemmelclub.de\/\" target=\"extern\" rel=\"noopener noreferrer\">B\u00f6mmelclub Schlicherum<\/a><\/li>\n<\/ul>\n<p>Haben Sie weitere Links f\u00fcr uns? Dann melden Sie sich an und hinterlassen Sie einen Kommentar zu dieser Seite. Danke.<\/p>\n","protected":false},"excerpt":{"rendered":"<p>Auf dieser Seite sollen andere Seiten in Rosellen und Allerheiligen vorgestellt werden: Rosellener Heimatverein, ehemals Reiterverein von 1881 SV Rosellen Die Ortsseite von Elvekum Der Heide-Bote. Die Ortzeitung des Neusser S\u00fcdens Restaurant Meteora in Rosellerheide Reiterst\u00fcbchen in Rosellen Kath. Kirche in Neuss-S\u00fcd Ev. Kirchengemeinde am Norfbach Sch\u00fctzenbruderschaft St. Peter Allerheiligen Sch\u00fctzenbruderschaft St. Peter und Paul [&hellip;]<\/p>\n","protected":false},"author":1,"featured_media":0,"parent":0,"menu_order":7,"comment_status":"closed","ping_status":"closed","template":"","meta":{"footnotes":""},"class_list":["post-34","page","type-page","status-publish","hentry"],"_links":{"self":[{"href":"https:\/\/www.spd-rosellen.de\/index.php?rest_route=\/wp\/v2\/pages\/34","targetHints":{"allow":["GET"]}}],"collection":[{"href":"https:\/\/www.spd-rosellen.de\/index.php?rest_route=\/wp\/v2\/pages"}],"about":[{"href":"https:\/\/www.spd-rosellen.de\/index.php?rest_route=\/wp\/v2\/types\/page"}],"author":[{"embeddable":true,"href":"https:\/\/www.spd-rosellen.de\/index.php?rest_route=\/wp\/v2\/users\/1"}],"replies":[{"embeddable":true,"href":"https:\/\/www.spd-rosellen.de\/index.php?rest_route=%2Fwp%2Fv2%2Fcomments&post=34"}],"version-history":[{"count":38,"href":"https:\/\/www.spd-rosellen.de\/index.php?rest_route=\/wp\/v2\/pages\/34\/revisions"}],"predecessor-version":[{"id":2575,"href":"https:\/\/www.spd-rosellen.de\/index.php?rest_route=\/wp\/v2\/pages\/34\/revisions\/2575"}],"wp:attachment":[{"href":"https:\/\/www.spd-rosellen.de\/index.php?rest_route=%2Fwp%2Fv2%2Fmedia&parent=34"}],"curies":[{"name":"wp","href":"https:\/\/api.w.org\/{rel}","templated":true}]}}