{"id":2,"date":"2005-09-23T09:09:21","date_gmt":"2005-09-23T07:09:21","guid":{"rendered":"http:\/\/www.spd-rosellen.de\/?page_id=2"},"modified":"2021-06-11T12:04:42","modified_gmt":"2021-06-11T10:04:42","slug":"impressum","status":"publish","type":"page","link":"https:\/\/www.spd-rosellen.de\/?page_id=2","title":{"rendered":"Impressum"},"content":{"rendered":"<p>Verantwortlich f\u00fcr den Inhalt<br \/>\nSPD Ortsverein Rosellen<br \/>\nDer Co-Vorsitzende<br \/>\nRalph-Erich Hildebrandt<br \/>\nWilhelm-Lehmbruck-Str. 68<br \/>\n41470 Neuss<br \/>\nTel. 02137\/919996<\/p>\n<hr \/>\n<p><strong>Kontakt mit dem Webmaster (bei Problemen mit der Webseite aufnehmen)<\/strong><\/p>\n<p><!--cforms2--><\/p>\n<hr \/>\n<p><strong>Disclaimer<\/strong><\/p>\n<p>Hiermit distanzieren wir uns ausdr\u00fccklich von allen Inhalten der gelinkten Seiten auf dieser Homepage.<br \/>\nDiese Erkl\u00e4rung gilt f\u00fcr alle auf dieser Homepage angebrachten Links.<br \/>\nBei der Erstellung unserer Seiten haben wir zwar die Inhalte der verlinkten Seiten gepr\u00fcft und die Verbindung als sinnvoll f\u00fcr das Thema dieser Seite angesehen, k\u00f6nnen aber nicht garantieren, dass die Links weiterhin funktionieren oder die verkn\u00fcpften Inhalte auch in Zukunft rechtlich einwandfrei und unbedenklich bleiben.<\/p>\n<p>Beachten Sie auch unsere <a href=\"http:\/\/www.spd-rosellen.de\/?page_id=1772\">Datenschutzerkl\u00e4rung<\/a><\/p>\n","protected":false},"excerpt":{"rendered":"<p>Verantwortlich f\u00fcr den Inhalt SPD Ortsverein Rosellen Der Co-Vorsitzende Ralph-Erich Hildebrandt Wilhelm-Lehmbruck-Str. 68 41470 Neuss Tel. 02137\/919996 Kontakt mit dem Webmaster (bei Problemen mit der Webseite aufnehmen) Disclaimer Hiermit distanzieren wir uns ausdr\u00fccklich von allen Inhalten der gelinkten Seiten auf dieser Homepage. Diese Erkl\u00e4rung gilt f\u00fcr alle auf dieser Homepage angebrachten Links. Bei der Erstellung [&hellip;]<\/p>\n","protected":false},"author":1,"featured_media":0,"parent":0,"menu_order":10,"comment_status":"closed","ping_status":"closed","template":"","meta":{"footnotes":""},"class_list":["post-2","page","type-page","status-publish","hentry"],"_links":{"self":[{"href":"https:\/\/www.spd-rosellen.de\/index.php?rest_route=\/wp\/v2\/pages\/2","targetHints":{"allow":["GET"]}}],"collection":[{"href":"https:\/\/www.spd-rosellen.de\/index.php?rest_route=\/wp\/v2\/pages"}],"about":[{"href":"https:\/\/www.spd-rosellen.de\/index.php?rest_route=\/wp\/v2\/types\/page"}],"author":[{"embeddable":true,"href":"https:\/\/www.spd-rosellen.de\/index.php?rest_route=\/wp\/v2\/users\/1"}],"replies":[{"embeddable":true,"href":"https:\/\/www.spd-rosellen.de\/index.php?rest_route=%2Fwp%2Fv2%2Fcomments&post=2"}],"version-history":[{"count":4,"href":"https:\/\/www.spd-rosellen.de\/index.php?rest_route=\/wp\/v2\/pages\/2\/revisions"}],"predecessor-version":[{"id":2345,"href":"https:\/\/www.spd-rosellen.de\/index.php?rest_route=\/wp\/v2\/pages\/2\/revisions\/2345"}],"wp:attachment":[{"href":"https:\/\/www.spd-rosellen.de\/index.php?rest_route=%2Fwp%2Fv2%2Fmedia&parent=2"}],"curies":[{"name":"wp","href":"https:\/\/api.w.org\/{rel}","templated":true}]}}