{"id":12,"date":"2006-02-15T20:28:36","date_gmt":"2006-02-15T19:28:36","guid":{"rendered":"http:\/\/www.spd-rosellen.de\/?page_id=89"},"modified":"2025-11-21T18:22:12","modified_gmt":"2025-11-21T17:22:12","slug":"kreistagsabgeordneter","status":"publish","type":"page","link":"https:\/\/www.spd-rosellen.de\/?page_id=12","title":{"rendered":"Abgeordneter im Kreistag"},"content":{"rendered":"<h3>Wahlperiode 2025-2030 (nachger\u00fcckt ab 1.6.2022)<\/h3>\n<p><img loading=\"lazy\" decoding=\"async\" src=\"http:\/\/www.spd-rosellen.de\/wp-content\/uploads\/2005\/09\/h-fischer-ktw14.jpg\" alt=\"Horst Fischer\" width=\"201\" height=\"300\" class=\"aligncenter size-full wp-image-1213\" \/><br \/>\n<b> Horst Fischer<\/b><br \/>\nZirbelweg 8<br \/>\n41470 Neuss<br \/>\nTelefon: 02137 \/ 6938<br \/>\nTelefax: 02137 \/ 928381<\/p>\n<p><em><strong>Aussch\u00fcsse im Kreistag 2025 bis 2030:<\/strong><\/em><\/p>\n<p>Als Mitglied:<\/p>\n<ul>\n<li>Partnerschaftskomitee Europ\u00e4ische Nachbarn<\/li>\n<li>Mobilit\u00e4tsausschuss<\/li>\n<li>Planungs-, Klimaschutz- und Umweltausschuss<\/li>\n<\/ul>\n<p>Als stv. Mitglied:<\/p>\n<ul>\n<li>Ausschuss f\u00fcr Strukturwandel und Arbeit<\/li>\n<li>Gesundheitsausschuss<\/li>\n<li>Personalausschuss<\/li>\n<li>Schul- und Bildungsausschuss<\/li>\n<li>Kreisausschuss<\/li>\n<\/ul>\n<p>Au\u00dferdem sind aus dem Ortsverein in folgenden Aussch\u00fcssen des Kreises:<br \/>\n<strong>Cornelia Lampert-Voscht<\/strong><\/p>\n<ul>\n<li>Mitglied im Kulturausschuss<\/li>\n<li>stellv. Mitglied im Ausschuss f\u00fcr Soziales und Wohnen<\/li>\n<\/ul>\n","protected":false},"excerpt":{"rendered":"<p>Wahlperiode 2025-2030 (nachger\u00fcckt ab 1.6.2022) Horst Fischer Zirbelweg 8 41470 Neuss Telefon: 02137 \/ 6938 Telefax: 02137 \/ 928381 Aussch\u00fcsse im Kreistag 2025 bis 2030: Als Mitglied: Partnerschaftskomitee Europ\u00e4ische Nachbarn Mobilit\u00e4tsausschuss Planungs-, Klimaschutz- und Umweltausschuss Als stv. Mitglied: Ausschuss f\u00fcr Strukturwandel und Arbeit Gesundheitsausschuss Personalausschuss Schul- und Bildungsausschuss Kreisausschuss Au\u00dferdem sind aus dem Ortsverein in [&hellip;]<\/p>\n","protected":false},"author":1,"featured_media":0,"parent":0,"menu_order":3,"comment_status":"closed","ping_status":"closed","template":"","meta":{"footnotes":""},"class_list":["post-12","page","type-page","status-publish","hentry"],"_links":{"self":[{"href":"https:\/\/www.spd-rosellen.de\/index.php?rest_route=\/wp\/v2\/pages\/12","targetHints":{"allow":["GET"]}}],"collection":[{"href":"https:\/\/www.spd-rosellen.de\/index.php?rest_route=\/wp\/v2\/pages"}],"about":[{"href":"https:\/\/www.spd-rosellen.de\/index.php?rest_route=\/wp\/v2\/types\/page"}],"author":[{"embeddable":true,"href":"https:\/\/www.spd-rosellen.de\/index.php?rest_route=\/wp\/v2\/users\/1"}],"replies":[{"embeddable":true,"href":"https:\/\/www.spd-rosellen.de\/index.php?rest_route=%2Fwp%2Fv2%2Fcomments&post=12"}],"version-history":[{"count":19,"href":"https:\/\/www.spd-rosellen.de\/index.php?rest_route=\/wp\/v2\/pages\/12\/revisions"}],"predecessor-version":[{"id":2577,"href":"https:\/\/www.spd-rosellen.de\/index.php?rest_route=\/wp\/v2\/pages\/12\/revisions\/2577"}],"wp:attachment":[{"href":"https:\/\/www.spd-rosellen.de\/index.php?rest_route=%2Fwp%2Fv2%2Fmedia&parent=12"}],"curies":[{"name":"wp","href":"https:\/\/api.w.org\/{rel}","templated":true}]}}